{"id":13342,"date":"2020-05-27T01:11:50","date_gmt":"2020-05-27T01:11:50","guid":{"rendered":"https:\/\/essentials.pixfort.com\/medical\/?page_id=9"},"modified":"2023-11-27T17:18:53","modified_gmt":"2023-11-27T17:18:53","slug":"inicio","status":"publish","type":"page","link":"https:\/\/iriscolorlaser.com\/en\/","title":{"rendered":"Home"},"content":{"rendered":"<section class=\"wpb-content-wrapper\"><section data-vc-full-width=\"true\" data-vc-full-width-init=\"false\" class=\"vc_section vc_section_visible pix-intro-1 vc_custom_1694472187445 vc_section-has-fill\" data-section-name=\"\"><div class=\"pix_element_overlay  bg-black\" style=\"pointer-events:none;;position:absolute;width:100%;height:100%;top:0;left:0;opacity:1;\"><\/div><div class=\"fullpage-container\"><div class=\"pix-intro-img jarallax\" data-jarallax data-speed=\"0.8\"><img decoding=\"async\" loading=\"lazy\" class=\"jarallax-img pix-opacity-8\"  src=\"https:\/\/iriscolorlaser.com\/wp-content\/uploads\/2023\/09\/Call-to-action-min-scaled.jpg\" alt=\"\" \/><\/div><\/div><div class=\"pix-divider pix-bottom-divider\" data-style=\"style-5\" style=\"bottom:-1px;\"><svg xmlns=\"http:\/\/www.w3.org\/2000\/svg\" width=\"100%\"  viewbox=\"0 0 1200 150\" preserveaspectratio=\"none\"><g class=\"animate-in\" data-anim-type=\"fade-in-up\" data-anim-delay=\"600\"><path fill=\"rgba(255,255,255,0.3)\"  d=\"M0,150 C600,100 1000,50 1200,-1.13686838e-13 C1200,6.8027294 1200,56.8027294 1200,150 L0,150 Z\"  \/><\/g><g class=\"animate-in\" data-anim-type=\"fade-in-up\" data-anim-delay=\"300\"><path fill=\"rgba(255,255,255,0.6)\"  d=\"M0,150 C600,120 1000,80 1200,30 C1200,36.8027294 1200,76.8027294 1200,150 L0,150 Z\" \/><\/g><g class=\"animate-in\" data-anim-type=\"fade-in-up\" data-anim-delay=\"\"><path fill=\"#ffffff\" d=\"M0,150 C600,136.666667 1000,106.666667 1200,60 C1200,74 1200,104 1200,150 L0,150 Z\"\/><\/g><defs><\/defs><\/svg><\/div><div data-vc-full-width=\"true\" data-vc-full-width-init=\"false\" class=\"vc_row wpb_row vc_row-fluid vc_row_visible vc_custom_1693430226034 vc_row-o-full-height vc_row-o-columns-middle vc_row-o-content-middle vc_row-flex\"><div class=\"wpb_column vc_column_container vc_col-sm-7 text-left\"><div class=\"vc_column-inner  vc_custom_1591151105707\"><div class=\"wpb_wrapper\"><div class=\"text-left\"><div><h5 class=\"pix-headline my-3  slide-inverse text-secondary font-weight-bold\" style=\"\"><span> <\/span><span class=\"pix-words-wrapper is-last\"><span class=\"is-visible\" >Knowledge <\/span> <span class=\"\" >Experience<\/span> <span class=\"\" >Innovation <\/span> <span class=\"\" >Technology<\/span> <\/span><\/h5><\/div><\/div><div id=\"el1693413130770-417ecbae-4229\" class=\"mb-3 text-left\"><h2 class=\"mb-32 pix-sliding-headline-2 animate-in font-weight-bold secondary-font\" data-anim-type=\"pix-sliding-text\" pix-anim-delay=\"500\" data-class=\"secondary-font text-white\" style=\"\"><span class=\"slide-in-container\"><span class=\"pix-sliding-item secondary-font text-white\" style=\"transition-delay: 0ms;\">IRIS&#32;<\/span><\/span> <span class=\"slide-in-container\"><span class=\"pix-sliding-item secondary-font text-white\" style=\"transition-delay: 150ms;\">COLOR&#32;<\/span><\/span> <span class=\"slide-in-container\"><span class=\"pix-sliding-item secondary-font text-white\" style=\"transition-delay: 300ms;\">LASER&#32;<\/span><\/span> <\/h2><\/div><div class=\"pix-el-text w-100   vc_custom_1697059940735\" ><div class=\"d-inline-block\" style=\"max-width:600px;\"><p class=\"text-20  text-white\" ><span class=\"text-white animate-in d-inline-block\" data-anim-delay=\"500\" data-anim-type=\"fade-in-up\">Fusion of beauty and innovation with an expert approach to ophthalmology.<\/span><\/p><\/div><\/div><a  href=\"https:\/\/iriscolorlaser.com\/en\/servicios\/\" class=\"btn mb-2    vc_custom_1696978389513  shadow-sm text-white btn-secondary d-inline-block pix-hover-item       animate-in btn-md\"   data-anim-type=\"fade-in-left\" data-anim-delay=\"600\" ><i class=\"font-weight-bold pixicon-eye-2  pix-hover-left  mr-1\"><\/i> <span class=\"font-weight-bold\" >Services<\/span><\/a><\/div><\/div><\/div><div class=\"wpb_column vc_column_container vc_col-sm-5 text-center\"><div class=\"vc_column-inner  vc_custom_1694471307934\"><div class=\"wpb_wrapper\"><div class=\"d-inline-block\" style=\"width:65%;\"><div class=\"pix-img-el  vc_custom_1695071405575   text-center d-inline-block  w-100 rounded-0\"  ><img loading=\"lazy\" decoding=\"async\" class=\"card-img2 pix-img-elem rounded-0  h-1002\" style=\"width:65%;height:auto;\" width=\"512\" height=\"512\" srcset=\"https:\/\/iriscolorlaser.com\/wp-content\/uploads\/2023\/08\/cropped-Favicon.png 512w, https:\/\/iriscolorlaser.com\/wp-content\/uploads\/2023\/08\/cropped-Favicon-300x300.png 300w, https:\/\/iriscolorlaser.com\/wp-content\/uploads\/2023\/08\/cropped-Favicon-150x150.png 150w, https:\/\/iriscolorlaser.com\/wp-content\/uploads\/2023\/08\/cropped-Favicon-400x400.png 400w, https:\/\/iriscolorlaser.com\/wp-content\/uploads\/2023\/08\/cropped-Favicon-75x75.png 75w, https:\/\/iriscolorlaser.com\/wp-content\/uploads\/2023\/08\/cropped-Favicon-460x460.png 460w, https:\/\/iriscolorlaser.com\/wp-content\/uploads\/2023\/08\/cropped-Favicon-270x270.png 270w, https:\/\/iriscolorlaser.com\/wp-content\/uploads\/2023\/08\/cropped-Favicon-192x192.png 192w, https:\/\/iriscolorlaser.com\/wp-content\/uploads\/2023\/08\/cropped-Favicon-180x180.png 180w, https:\/\/iriscolorlaser.com\/wp-content\/uploads\/2023\/08\/cropped-Favicon-32x32.png 32w\" sizes=\"auto, (max-width: 512px) 100vw, 512px\" src=\"https:\/\/iriscolorlaser.com\/wp-content\/uploads\/2023\/08\/cropped-Favicon.png\" alt=\"Image link\" \/><\/div><\/div><div class=\"pix-el-text w-100\" ><p class=\"text-24  text-white  font-italic\" >\"The eye receives the same pleasure from painted beauty as from real beauty.\"<\/p><\/div><div class=\"pix-el-text w-100\" ><p class=\"text-24  text-white  font-weight-bold\" >-Leonardo Da Vinci<\/p><\/div><a  href=\"https:\/\/iriscolorlaser.com\/en\/blog\/\" class=\"btn mb-2    vc_custom_1696265352889  shadow-sm text-white btn-primary d-inline-block pix-hover-item       animate-in btn-md\"   data-anim-type=\"fade-in-left\" data-anim-delay=\"600\" ><i class=\"font-weight-bold pixicon-newspaper-3  pix-hover-left  mr-1\"><\/i> <span class=\"font-weight-bold\" >Visit Blog<\/span><\/a><\/div><\/div><\/div><\/div><div class=\"vc_row-full-width vc_clearfix\"><\/div><\/section><div class=\"vc_row-full-width vc_clearfix\"><\/div><section data-vc-full-width=\"true\" data-vc-full-width-init=\"false\" class=\"vc_section vc_section_visible custom-responsive-15104360 vc_custom_1694471830900 vc_section-has-fill vc_row-o-full-height vc_section-o-content-middle vc_section-flex\" data-section-name=\"\"><div class=\"vc_row wpb_row vc_row-fluid vc_row_visible vc_row-o-content-middle vc_row-flex\"><div class=\"wpb_column vc_column_container vc_col-sm-4 text-left\"><div class=\"vc_column-inner  vc_custom_1592348346180\"><div class=\"wpb_wrapper\"><div class=\"pix-content-box card      vc_custom_1693414631705    rounded-custom animate-in bg- text-left   d-inline-flex\"  data-anim-type=\"fade-in-left\" data-anim-delay=\"0\"><div class=\"d-inline-flex\" style=\"z-index:30;position:relative;\"><span class=\"pix-badge-element h6 d-inline-block mr-1\"  ><span class=\"badge font-weight-bold badge-pill bg-secondary  vc_custom_1693414523473\" style=\" \"><span class=\"text-white\" style=\"\">Since 2019<\/span><\/span><\/span><span class=\"pix-badge-element h6 d-inline-block mr-1\"  ><span class=\"badge font-weight-bold badge-pill bg-transparent  vc_custom_1696978965635\" style=\" \"><span class=\"text-gray-6\" style=\"\">Ophthalmological Consultation Center<\/span><\/span><\/span><\/div><\/div><div class=\"mb-3 mb-md-0\"  ><div class=\"card w-100 h-100 bg-custom   pix-hover-item rounded-10 position-relative overflow-hidden2 text-white tilt fancy_card\" style=\"background:#4168af;\"><div class=\"card-img-overlay overflow-visible d-inline-block w-100 pix-img-overlay pix-p-30 d-flex align-items-end text-left\"><div class=\"w-100\"><h4 class=\"card-title  text-white font-weight-bold mb-0 animate-in\" style=\"\">History<\/h4><p class=\"card-text pix-pt-10 text-white\" style=\"\">With the intention to create a complete ophthalmological space, of national and international reference, Iris Color was created with expertise in various ophthalmological areas. With extensive knowledge and experience necessary for the diagnosis, treatment and prevention of ocular diseases, as well as focus on ocular esthetic aspects.<\/p><div class=\"card-btn-div mt-4 d-inline-block w-100\"><a  href=\"https:\/\/iriscolorlaser.com\/en\/contacto\/\" class=\"btn mb-2     text-white btn-primary d-inline-block     btn-rounded btn-md\"     ><i class=\"font-weight-bold pixicon-phone-ring   mr-1\"><\/i> <span class=\"font-weight-bold\" >More information<\/span><\/a><\/div><\/div><\/div><\/div><\/div><\/div><\/div><\/div><div class=\"wpb_column vc_column_container vc_col-sm-8 text-left\"><div class=\"vc_column-inner\"><div class=\"wpb_wrapper\"><div class=\"pix-content-box card      vc_custom_1648584446150 custom-responsive-142903685   rounded-10 shadow-sm shadow-hover-sm fly-sm animate-in bg- w-100\"  data-anim-type=\"pix-3d-down-in\" data-anim-delay=\"0\"><div class=\"\" style=\"z-index:30;position:relative;\"><div id=\"duo-icon-37822086\" class=\"pix-feature-el  media\"><div class=\"feature_img  mr-3 animate-in\" data-anim-type=\"fade-in-up\" data-anim-delay=\"600\" style=\"width:90px;height:auto;display:inline-block;position:relative;\"><img decoding=\"async\" style=\"width:90px;height:90px;\" class=\"img-fluid2 pix-fit-cover rounded-circle\" src=\"https:\/\/iriscolorlaser.com\/wp-content\/uploads\/2023\/09\/Mision.jpg\" alt=\"Visi\u00f3n\"><\/div><div class=\"media-body text-left\"><h5 class=\"font-weight-bold  secondary-font text-secondary animate-in\" style=\"\" data-anim-type=\"fade-in-up\" data-anim-delay=\"700\">Vision<\/h5><div class=\"text-gray-6      animate-in\" style=\"padding-top:5px;\" data-anim-type=\"fade-in-up\" data-anim-delay=\"800\">To be a complete ophthalmological consultation center with advanced treatments, top technology and safety; providing high quality and kindness.<\/div><\/div><\/div><\/div><\/div><div class=\"pix-content-box card      vc_custom_1644536062103    rounded-10 shadow-sm shadow-hover-sm fly-sm animate-in bg- w-100\"  data-anim-type=\"pix-3d-down-in\" data-anim-delay=\"300\"><div class=\"\" style=\"z-index:30;position:relative;\"><div id=\"1638311812166-61c2c7d8-116a\" class=\"pix-feature-el  media\"><div class=\"feature_img  mr-3 animate-in\" data-anim-type=\"fade-in-up\" data-anim-delay=\"600\" style=\"width:90px;height:auto;display:inline-block;position:relative;\"><img decoding=\"async\" style=\"width:90px;height:90px;\" class=\"img-fluid2 pix-fit-cover rounded-circle\" src=\"https:\/\/iriscolorlaser.com\/wp-content\/uploads\/2023\/09\/Vision.jpg\" alt=\"Misi\u00f3n\"><\/div><div class=\"media-body text-left\"><h5 class=\"font-weight-bold  secondary-font  animate-in\" style=\"color:#41a790 !important;\" data-anim-type=\"fade-in-up\" data-anim-delay=\"700\">Mission<\/h5><div class=\"text-gray-6      animate-in\" style=\"padding-top:5px;\" data-anim-type=\"fade-in-up\" data-anim-delay=\"800\">To be the national and international reference ophthalmological center, which provides the best service for diagnosis, treatment and control of ocular diseases, visual function and ophthalmological esthetic procedures.<\/div><\/div><\/div><\/div><\/div><div class=\"pix-content-box card      vc_custom_1644536062103    rounded-10 shadow-sm shadow-hover-sm fly-sm animate-in bg- w-100\"  data-anim-type=\"pix-3d-down-in\" data-anim-delay=\"300\"><div class=\"\" style=\"z-index:30;position:relative;\"><div id=\"1693350752062-0a606c24-97d4\" class=\"pix-feature-el  media\"><div class=\"feature_img  mr-3 animate-in\" data-anim-type=\"fade-in-up\" data-anim-delay=\"600\" style=\"width:90px;height:auto;display:inline-block;position:relative;\"><img decoding=\"async\" style=\"width:90px;height:90px;\" class=\"img-fluid2 pix-fit-cover rounded-circle\" src=\"https:\/\/iriscolorlaser.com\/wp-content\/uploads\/2023\/09\/Valores.jpg\" alt=\"Valores\"><\/div><div class=\"media-body text-left\"><h5 class=\"font-weight-bold  secondary-font  animate-in\" style=\"color:#84c064 !important;\" data-anim-type=\"fade-in-up\" data-anim-delay=\"700\">Valores<\/h5><div class=\"text-gray-6      animate-in\" style=\"padding-top:5px;\" data-anim-type=\"fade-in-up\" data-anim-delay=\"800\"><\/p>\r\n<div><strong>I<\/strong>nnovation<\/div>\r\n<div><strong>R<\/strong>esponsability<\/div>\r\n<div><strong>I<\/strong>ntegrity<\/div>\r\n<div><strong>S<\/strong>ervice<\/div>\r\n<p><\/div><\/div><\/div><\/div><\/div><\/div><\/div><\/div><\/div><\/section><div class=\"vc_row-full-width vc_clearfix\"><\/div><section id=\"fondo-lap\" data-vc-full-width=\"true\" data-vc-full-width-init=\"false\" class=\"vc_section vc_section_visible pix-intro-1 vc_custom_1694809921428\" data-section-name=\"\"><div class=\"pix_element_overlay  bg-black\" style=\"pointer-events:none;;position:absolute;width:100%;height:100%;top:0;left:0;opacity:1;\"><\/div><div class=\"fullpage-container\"><div class=\"pix-intro-img jarallax\" data-jarallax data-speed=\"0.8\"><img decoding=\"async\" loading=\"lazy\" class=\"jarallax-img pix-opacity-8\"  src=\"https:\/\/iriscolorlaser.com\/wp-content\/uploads\/2023\/09\/Ojos-claros.jpeg\" alt=\"\" \/><\/div><\/div><div data-vc-full-width=\"true\" data-vc-full-width-init=\"false\" class=\"vc_row wpb_row vc_row-fluid vc_row_visible vc_row-o-content-middle vc_row-flex\"><div class=\"wpb_column vc_column_container vc_col-sm-3 text-center\"><div class=\"vc_column-inner\"><div class=\"wpb_wrapper\"><div class=\"d-inline-block\" ><div class=\"pix-img-el  vc_custom_1695072233902   shadow-sm shadow-hover-lg text-left d-inline-block  w-100 rounded-circle\"  ><img loading=\"lazy\" decoding=\"async\" class=\"card-img2 pix-img-elem rounded-circle  h-1002\" style=\"height:auto;\" width=\"1309\" height=\"1320\" srcset=\"https:\/\/iriscolorlaser.com\/wp-content\/uploads\/2023\/09\/Ojo-hashtag.png 1309w, https:\/\/iriscolorlaser.com\/wp-content\/uploads\/2023\/09\/Ojo-hashtag-298x300.png 298w, https:\/\/iriscolorlaser.com\/wp-content\/uploads\/2023\/09\/Ojo-hashtag-1015x1024.png 1015w, https:\/\/iriscolorlaser.com\/wp-content\/uploads\/2023\/09\/Ojo-hashtag-150x150.png 150w, https:\/\/iriscolorlaser.com\/wp-content\/uploads\/2023\/09\/Ojo-hashtag-768x774.png 768w, https:\/\/iriscolorlaser.com\/wp-content\/uploads\/2023\/09\/Ojo-hashtag-12x12.png 12w, https:\/\/iriscolorlaser.com\/wp-content\/uploads\/2023\/09\/Ojo-hashtag-75x75.png 75w\" sizes=\"auto, (max-width: 1309px) 100vw, 1309px\" src=\"https:\/\/iriscolorlaser.com\/wp-content\/uploads\/2023\/09\/Ojo-hashtag.png\" alt=\"Image link\" \/><\/div><\/div><\/div><\/div><\/div><div class=\"wpb_column vc_column_container vc_col-sm-9 text-left\"><div class=\"vc_column-inner\"><div class=\"wpb_wrapper\"><div class=\"container\"><div class=\"row justify-content-center\"><div class=\"col bg-white2 rounded-lg2  vc_custom_1700868711524 animate-in w-100 m-32 p-42 pix-py-30 col-sm-auto d-md-flex align-items-center text-center text-sm-left justify-content-between2\" style=\"z-index:11;\" data-anim-delay=\"0\" data-anim-type=\"fade-in-up\"><div class=\"mr-md-5\"><h4 class=\"d-block mr-md-3 mb-md-0 mb-md-0 text-white font-weight-bold text-white\" style=\"\">Conoce IRIS COLOR\u00ae LASER<\/h4><span class=\"d-block mr-md-3 mb-md-0 mb-md-0 pix-mt-10  text-18 text-white\" style=\"\">Personal and Specialized Attention<\/span><\/div><div class=\"flex-fill mt-4 mt-sm-0 mt-md-0 text-md-right flex-grow-1\" style=\"min-width:250px;max-width:100%;\"><a  href=\"https:\/\/iriscolorlaser.com\/en\/blog\/\" class=\"btn mb-0     shadow-lg shadow-hover-lg text-white btn-secondary d-inline-block pix-hover-item      btn-rounded animate-in btn-lg\"   data-anim-type=\"fade-in-up\" data-anim-delay=\"0\" ><i class=\"font-weight-bold pixicon-newspaper-1  pix-hover-left  mr-1\"><\/i> <span class=\"font-weight-bold\" >Visit blog<\/span><\/a><\/div><\/div><\/div><\/div><\/div><\/div><\/div><\/div><div class=\"vc_row-full-width vc_clearfix\"><\/div><\/section><div class=\"vc_row-full-width vc_clearfix\"><\/div><section id=\"fondo-cel\" data-vc-full-width=\"true\" data-vc-full-width-init=\"false\" class=\"vc_section vc_section_visible vc_custom_1694811953712 vc_section-has-fill\" data-section-name=\"\"><div data-vc-full-width=\"true\" data-vc-full-width-init=\"false\" class=\"vc_row wpb_row vc_row-fluid vc_row_visible vc_row-o-content-middle vc_row-flex\"><div class=\"wpb_column vc_column_container vc_col-sm-3 text-center\"><div class=\"vc_column-inner\"><div class=\"wpb_wrapper\"><div class=\"d-inline-block\" ><div class=\"pix-img-el  vc_custom_1695072194119   shadow-sm shadow-hover-lg text-left d-inline-block  w-100 rounded-circle\"  ><img loading=\"lazy\" decoding=\"async\" class=\"card-img2 pix-img-elem rounded-circle  h-1002\" style=\"height:auto;\" width=\"1309\" height=\"1320\" srcset=\"https:\/\/iriscolorlaser.com\/wp-content\/uploads\/2023\/09\/Ojo-hashtag.png 1309w, https:\/\/iriscolorlaser.com\/wp-content\/uploads\/2023\/09\/Ojo-hashtag-298x300.png 298w, https:\/\/iriscolorlaser.com\/wp-content\/uploads\/2023\/09\/Ojo-hashtag-1015x1024.png 1015w, https:\/\/iriscolorlaser.com\/wp-content\/uploads\/2023\/09\/Ojo-hashtag-150x150.png 150w, https:\/\/iriscolorlaser.com\/wp-content\/uploads\/2023\/09\/Ojo-hashtag-768x774.png 768w, https:\/\/iriscolorlaser.com\/wp-content\/uploads\/2023\/09\/Ojo-hashtag-12x12.png 12w, https:\/\/iriscolorlaser.com\/wp-content\/uploads\/2023\/09\/Ojo-hashtag-75x75.png 75w\" sizes=\"auto, (max-width: 1309px) 100vw, 1309px\" src=\"https:\/\/iriscolorlaser.com\/wp-content\/uploads\/2023\/09\/Ojo-hashtag.png\" alt=\"Image link\" \/><\/div><\/div><\/div><\/div><\/div><div class=\"wpb_column vc_column_container vc_col-sm-9 text-left\"><div class=\"vc_column-inner\"><div class=\"wpb_wrapper\"><div class=\"container\"><div class=\"row justify-content-center\"><div class=\"col bg-white2 rounded-lg2  vc_custom_1700936380857 animate-in w-100 m-32 p-42 pix-py-30 col-sm-auto d-md-flex align-items-center text-center text-sm-left justify-content-between2\" style=\"z-index:11;\" data-anim-delay=\"0\" data-anim-type=\"fade-in-up\"><div class=\"mr-md-5\"><h4 class=\"d-block mr-md-3 mb-md-0 mb-md-0 text-white font-weight-bold text-white\" style=\"\">Conoce IRIS COLOR\u00ae LASER<\/h4><span class=\"d-block mr-md-3 mb-md-0 mb-md-0 pix-mt-10  text-18 text-white\" style=\"\">Personal and Specialized Attention<\/span><\/div><div class=\"flex-fill mt-4 mt-sm-0 mt-md-0 text-md-right flex-grow-1\" style=\"min-width:250px;max-width:100%;\"><a  href=\"https:\/\/iriscolorlaser.com\/en\/blog\/\" class=\"btn mb-0     shadow-lg shadow-hover-lg text-secondary btn-white d-inline-block pix-hover-item      btn-rounded animate-in btn-lg\"   data-anim-type=\"fade-in-up\" data-anim-delay=\"0\" ><i class=\"font-weight-bold pixicon-newspaper-1  pix-hover-left  mr-1\"><\/i> <span class=\"font-weight-bold\" >Visit blog<\/span><\/a><\/div><\/div><\/div><\/div><\/div><\/div><\/div><\/div><div class=\"vc_row-full-width vc_clearfix\"><\/div><\/section><div class=\"vc_row-full-width vc_clearfix\"><\/div>\r\n<\/section>","protected":false},"excerpt":{"rendered":"Conocimiento Experiencia Innovaci\u00f3n Tecnolog\u00eda IRIS&#32; COLOR&#32; LASER&#32; Fusionando la belleza y la innovaci\u00f3n con enfoque experto en oftalmolog\u00eda. Servicios\u201cEl ojo recibe de la belleza pintada el mismo placer que de la belleza real.\u201d-Leonardo Da Vinci Visitar blogDesde 2019Consultorio Integral Oftalmol\u00f3gicoHistoriaCon...","protected":false},"author":1,"featured_media":0,"parent":0,"menu_order":0,"comment_status":"closed","ping_status":"closed","template":"","meta":{"inline_featured_image":false,"footnotes":""},"class_list":["post-13342","page","type-page","status-publish","hentry"],"acf":[],"yoast_head":"<!-- This site is optimized with the Yoast SEO plugin v21.5 - https:\/\/yoast.com\/wordpress\/plugins\/seo\/ -->\n<title>Iris Color Laser - Centro Oftalmol\u00f3gico<\/title>\n<meta name=\"robots\" content=\"index, follow, max-snippet:-1, max-image-preview:large, max-video-preview:-1\" \/>\n<link rel=\"canonical\" href=\"https:\/\/iriscolorlaser.com\/en\/\" \/>\n<meta property=\"og:locale\" content=\"en_US\" \/>\n<meta property=\"og:type\" content=\"article\" \/>\n<meta property=\"og:title\" content=\"Iris Color Laser - Centro Oftalmol\u00f3gico\" \/>\n<meta property=\"og:url\" content=\"https:\/\/iriscolorlaser.com\/en\/\" \/>\n<meta property=\"og:site_name\" content=\"Iris Color Laser\" \/>\n<meta property=\"article:modified_time\" content=\"2023-11-27T17:18:53+00:00\" \/>\n<meta name=\"twitter:card\" content=\"summary_large_image\" \/>\n<meta name=\"twitter:label1\" content=\"Est. reading time\" \/>\n\t<meta name=\"twitter:data1\" content=\"3 minutes\" \/>\n<script type=\"application\/ld+json\" class=\"yoast-schema-graph\">{\"@context\":\"https:\/\/schema.org\",\"@graph\":[{\"@type\":\"WebPage\",\"@id\":\"https:\/\/iriscolorlaser.com\/\",\"url\":\"https:\/\/iriscolorlaser.com\/\",\"name\":\"Iris Color Laser - Centro Oftalmol\u00f3gico\",\"isPartOf\":{\"@id\":\"https:\/\/iriscolorlaser.com\/#website\"},\"datePublished\":\"2020-05-27T01:11:50+00:00\",\"dateModified\":\"2023-11-27T17:18:53+00:00\",\"breadcrumb\":{\"@id\":\"https:\/\/iriscolorlaser.com\/#breadcrumb\"},\"inLanguage\":\"en-US\",\"potentialAction\":[{\"@type\":\"ReadAction\",\"target\":[\"https:\/\/iriscolorlaser.com\/\"]}]},{\"@type\":\"BreadcrumbList\",\"@id\":\"https:\/\/iriscolorlaser.com\/#breadcrumb\",\"itemListElement\":[{\"@type\":\"ListItem\",\"position\":1,\"name\":\"Portada\",\"item\":\"https:\/\/iriscolorlaser.com\/\"},{\"@type\":\"ListItem\",\"position\":2,\"name\":\"Inicio\"}]},{\"@type\":\"WebSite\",\"@id\":\"https:\/\/iriscolorlaser.com\/#website\",\"url\":\"https:\/\/iriscolorlaser.com\/\",\"name\":\"Iris Color Laser\",\"description\":\"Centro Oftalmol\u00f3gico\",\"potentialAction\":[{\"@type\":\"SearchAction\",\"target\":{\"@type\":\"EntryPoint\",\"urlTemplate\":\"https:\/\/iriscolorlaser.com\/?s={search_term_string}\"},\"query-input\":\"required name=search_term_string\"}],\"inLanguage\":\"en-US\"}]}<\/script>\n<!-- \/ Yoast SEO plugin. -->","yoast_head_json":{"title":"Iris Color Laser - Centro Oftalmol\u00f3gico","robots":{"index":"index","follow":"follow","max-snippet":"max-snippet:-1","max-image-preview":"max-image-preview:large","max-video-preview":"max-video-preview:-1"},"canonical":"https:\/\/iriscolorlaser.com\/en\/","og_locale":"en_US","og_type":"article","og_title":"Iris Color Laser - Centro Oftalmol\u00f3gico","og_url":"https:\/\/iriscolorlaser.com\/en\/","og_site_name":"Iris Color Laser","article_modified_time":"2023-11-27T17:18:53+00:00","twitter_card":"summary_large_image","twitter_misc":{"Est. reading time":"3 minutes"},"schema":{"@context":"https:\/\/schema.org","@graph":[{"@type":"WebPage","@id":"https:\/\/iriscolorlaser.com\/","url":"https:\/\/iriscolorlaser.com\/","name":"Iris Color Laser - Centro Oftalmol\u00f3gico","isPartOf":{"@id":"https:\/\/iriscolorlaser.com\/#website"},"datePublished":"2020-05-27T01:11:50+00:00","dateModified":"2023-11-27T17:18:53+00:00","breadcrumb":{"@id":"https:\/\/iriscolorlaser.com\/#breadcrumb"},"inLanguage":"en-US","potentialAction":[{"@type":"ReadAction","target":["https:\/\/iriscolorlaser.com\/"]}]},{"@type":"BreadcrumbList","@id":"https:\/\/iriscolorlaser.com\/#breadcrumb","itemListElement":[{"@type":"ListItem","position":1,"name":"Portada","item":"https:\/\/iriscolorlaser.com\/"},{"@type":"ListItem","position":2,"name":"Inicio"}]},{"@type":"WebSite","@id":"https:\/\/iriscolorlaser.com\/#website","url":"https:\/\/iriscolorlaser.com\/","name":"Iris Color Laser","description":"Centro Oftalmol\u00f3gico","potentialAction":[{"@type":"SearchAction","target":{"@type":"EntryPoint","urlTemplate":"https:\/\/iriscolorlaser.com\/?s={search_term_string}"},"query-input":"required name=search_term_string"}],"inLanguage":"en-US"}]}},"_links":{"self":[{"href":"https:\/\/iriscolorlaser.com\/en\/wp-json\/wp\/v2\/pages\/13342","targetHints":{"allow":["GET"]}}],"collection":[{"href":"https:\/\/iriscolorlaser.com\/en\/wp-json\/wp\/v2\/pages"}],"about":[{"href":"https:\/\/iriscolorlaser.com\/en\/wp-json\/wp\/v2\/types\/page"}],"author":[{"embeddable":true,"href":"https:\/\/iriscolorlaser.com\/en\/wp-json\/wp\/v2\/users\/1"}],"replies":[{"embeddable":true,"href":"https:\/\/iriscolorlaser.com\/en\/wp-json\/wp\/v2\/comments?post=13342"}],"version-history":[{"count":105,"href":"https:\/\/iriscolorlaser.com\/en\/wp-json\/wp\/v2\/pages\/13342\/revisions"}],"predecessor-version":[{"id":13933,"href":"https:\/\/iriscolorlaser.com\/en\/wp-json\/wp\/v2\/pages\/13342\/revisions\/13933"}],"wp:attachment":[{"href":"https:\/\/iriscolorlaser.com\/en\/wp-json\/wp\/v2\/media?parent=13342"}],"curies":[{"name":"wp","href":"https:\/\/api.w.org\/{rel}","templated":true}]}}